{"id":34,"date":"2014-12-29T14:58:29","date_gmt":"2014-12-29T14:58:29","guid":{"rendered":"https:\/\/laserofbeauty.co.uk\/?page_id=34"},"modified":"2024-06-12T09:03:50","modified_gmt":"2024-06-12T08:03:50","slug":"pagrindinis","status":"publish","type":"page","link":"https:\/\/laserofbeauty.co.uk\/lt\/","title":{"rendered":"Prad\u017eia"},"content":{"rendered":"<div class=\"wpb-content-wrapper\"><p>[vc_row][vc_column][vc_column_text]<\/p>\n<h1>Ellipse \u2013 IPL and laser provider<\/h1>\n<h4>Scientific I2PL and laser based treatment solutions since 1997<\/h4>\n<p>[\/vc_column_text][vc_images_carousel images=&#8221;529,528,527,526&#8243; img_size=&#8221;full&#8221; autoplay=&#8221;yes&#8221; hide_pagination_control=&#8221;yes&#8221; wrap=&#8221;yes&#8221;][vc_column_text]Incontrovertible scientific evidence has stood behind every Ellipse solution since the first Ellipse system made its debut in 1997. And today, Ellipse has an international reputation for advanced laser and Intense Pulsed Light (I\u00b2PL) technology, impeccable quality and comprehensive customer support. Application areas include treatment of acne, sun-damaged skin, hair removal, wrinkle reduction, onychomycosis and the removal of pigmented and vascular lesions. Every Ellipse product is developed in close cooperation with leading dermatologists and research institutions. With thousands of users and and scores of clinical articles documenting the safety and effectiveness of Ellipse products, Ellipse is indeed CLINICALLY PROVEN SAFE AND EFFECTIVE.[\/vc_column_text][vc_single_image image=&#8221;1689&#8243; img_size=&#8221;full&#8221; alignment=&#8221;center&#8221; style=&#8221;vc_box_shadow_3d&#8221; css_animation=&#8221;fadeInUp&#8221;][\/vc_column][\/vc_row][vc_row][vc_column][vc_column_text]M\u016bs\u0173 salone galite \u012fsigyti\u00a0<a href=\"https:\/\/www.sofri.com\/en\/shop\" target=\"_blank\" rel=\"noopener noreferrer\"><span style=\"text-decoration: underline;\">Sofri<\/span> p<\/a>rodukcijos.[\/vc_column_text][\/vc_column][\/vc_row][vc_row][vc_column][vc_raw_html]JTNDZGl2JTIwZGF0YS1iaWQlM0QlMjIxMzY5MDIlMjIlMjBkYXRhLXVybCUzRCUyMmh0dHBzJTNBJTJGJTJGYXBwLnJldnUuY2xvdWQlMjIlMjBkYXRhLWFpZCUzRCUyMjE0NDY5JTIyJTNFJTNDc2NyaXB0JTIwc3JjJTNEJTIyaHR0cHMlM0ElMkYlMkZ3aWRnZXQucmV2aWV3YWJpbGl0eS5jb20lMkZqcyUyRndpZGdldEFkdi5taW4uanMlMjIlMjBhc3luYyUzRSUzQyUyRnNjcmlwdCUzRSUzQyUyRmRpdiUzRSUzQ3NjcmlwdCUyMGNsYXNzJTNEJTIyanNvbi1sZC1jb250ZW50JTIyJTIwdHlwZSUzRCUyMmFwcGxpY2F0aW9uJTJGbGQlMkJqc29uJTIyJTNFJTNDJTJGc2NyaXB0JTNF[\/vc_raw_html][\/vc_column][\/vc_row]<\/p>\n<\/div>","protected":false},"excerpt":{"rendered":"<p>[vc_row][vc_column][vc_column_text] Ellipse \u2013 IPL and laser provider Scientific I2PL and laser based treatment solutions since 1997 [\/vc_column_text][vc_images_carousel images=&#8221;529,528,527,526&#8243; img_size=&#8221;full&#8221; autoplay=&#8221;yes&#8221; hide_pagination_control=&#8221;yes&#8221; wrap=&#8221;yes&#8221;][vc_column_text]Incontrovertible scientific evidence has stood behind every Ellipse solution since the first Ellipse system made its debut in 1997. And today, Ellipse has an international reputation for advanced laser and Intense Pulsed Light (I\u00b2PL) [&hellip;]<\/p>\n","protected":false},"author":2,"featured_media":0,"parent":0,"menu_order":0,"comment_status":"open","ping_status":"open","template":"tpl-homepage.php","meta":{"_acf_changed":false,"_exactmetrics_skip_tracking":false,"_exactmetrics_sitenote_active":false,"_exactmetrics_sitenote_note":"","_exactmetrics_sitenote_category":0,"footnotes":""},"class_list":["post-34","page","type-page","status-publish","hentry"],"acf":[],"aioseo_notices":[],"_links":{"self":[{"href":"https:\/\/laserofbeauty.co.uk\/lt\/wp-json\/wp\/v2\/pages\/34"}],"collection":[{"href":"https:\/\/laserofbeauty.co.uk\/lt\/wp-json\/wp\/v2\/pages"}],"about":[{"href":"https:\/\/laserofbeauty.co.uk\/lt\/wp-json\/wp\/v2\/types\/page"}],"author":[{"embeddable":true,"href":"https:\/\/laserofbeauty.co.uk\/lt\/wp-json\/wp\/v2\/users\/2"}],"replies":[{"embeddable":true,"href":"https:\/\/laserofbeauty.co.uk\/lt\/wp-json\/wp\/v2\/comments?post=34"}],"version-history":[{"count":12,"href":"https:\/\/laserofbeauty.co.uk\/lt\/wp-json\/wp\/v2\/pages\/34\/revisions"}],"predecessor-version":[{"id":2094,"href":"https:\/\/laserofbeauty.co.uk\/lt\/wp-json\/wp\/v2\/pages\/34\/revisions\/2094"}],"wp:attachment":[{"href":"https:\/\/laserofbeauty.co.uk\/lt\/wp-json\/wp\/v2\/media?parent=34"}],"curies":[{"name":"wp","href":"https:\/\/api.w.org\/{rel}","templated":true}]}}