{"id":36,"date":"2014-12-29T14:58:47","date_gmt":"2014-12-29T14:58:47","guid":{"rendered":"https:\/\/laserofbeauty.co.uk\/?page_id=36"},"modified":"2015-02-06T09:11:40","modified_gmt":"2015-02-06T09:11:40","slug":"apie-mus","status":"publish","type":"page","link":"https:\/\/laserofbeauty.co.uk\/lt\/apie-mus\/","title":{"rendered":"Apie mus"},"content":{"rendered":"<div class=\"wpb-content-wrapper\"><p>[vc_row][vc_column][vc_column_text]<i>Mes jums galime pasi\u016blyti \u012fvairiausi\u0173 variant\u0173 kaip pri\u017ei\u016br\u0117ti od\u0105, kad ji b\u016bt\u0173 daili, sveika ir kuo ilgiau i\u0161likt\u0173 jaunatvi\u0161ka, ta\u010diau dauguma odos dailinimo proced\u016br\u0173 pasi\u017eymi tik trumpalaikiu poveikiu. Bet mes turime jums ger\u0173 naujien\u0173! Gro\u017eio proced\u016bros moderniu \u201cEllipse\u201d I<sup>2<\/sup>PL kaip patvirtino moksliniai tyrimai, yra ne tik saugios, greitos, veiksmingos, bet ir turi ilgalaik\u012f poveik\u012f!<\/i><\/p>\n<p><b>ELLIPSE i\u0161skirtinumas:<\/b><\/p>\n<ul>\n<li>Aparato veikimas turi dvigub\u0105 filtravimo sistem\u0105, kuria \u012fmanoma pasiekti maksimali\u0173 odos puosel\u0117jimo rezultat\u0173.<\/li>\n<li>Proced\u016bros saugios, nepa\u017eeid\u017eian\u010dios odos.<\/li>\n<li>Poveikis ilgalaikis \u2013 rezultatas i\u0161ry\u0161k\u0117ja palaipsniui ir i\u0161lieka ilgam.<\/li>\n<li>Pritaikytas tiek vyr\u0173 tiek moter\u0173 odai.<\/li>\n<\/ul>\n<p>Mes naudojame\u00a0 naujausi\u0105 \u201eellipse impulsines\u201c \u0161viesos technologij\u0105, \u00a0kuri buvo\u00a0 sukurta\u00a0 1997 metais Danijoje. bendrov\u0117 peln\u0117 viso pasaulio gydytoj\u0173 ir gro\u017eio specialist\u0173 pripa\u017einim\u0105, d\u0117l itin kokybi\u0161k\u0173 gamini\u0173 ir paslaug\u0173. Ellipse i<sup>2<\/sup>pl \u2013 tai antros kartos intensyvios impulsines \u0161viesos sistema, naudojama ivairioms odos bukl\u0117ms gydyti, \u012fskaitant nepageidaujam\u0173 plauk\u0173 \u0161\u0105linim\u0105, saul\u0117s pa\u017eeistos odos atstatym\u0105, aknes spuog\u0173 gydym\u0105, kraujagysli\u0173 bei pigmentini\u0173 demi\u0173 odoje panaikinim\u0105.<\/p>\n<p><b>Kodel ellipse geriausia ? Kodel pasirinkti mus?<\/b><\/p>\n<p>ELLIPSE I<sup>2<\/sup>PL turi dvigub\u0105 filtravimo sistem\u0105, kuri\u0173 neturi kiti lazeriai. I<sup>2<\/sup>pl\u00a0\u00a0 sistemoje \u012fdiegtas papildomas filtras, kur\u012f sudaro cirkuliuojantis vanduo. Tai rei\u0161kia, kad \u0161viesos sudedamosios dalys, kurios paprastai \u201csu\u0161ildo\u201d vanden\u012f odoje, , dabar \u201csu\u0161ildo\u201d vanden\u012f, esant\u012f sistemoje. Tai u\u017etikrina, kad \u012f j\u016bs\u0173 od\u0105 nukreiptoje \u0161viesoje yra tik tokie bang\u0173 ilgiai, kurie gali atlikti reikiam\u0105 funkcij\u0105. Gydymas su I<sup>2<\/sup>PL\u00a0 yra ne tik efektyvesnis, nes nereikalauja vesinimo, bet ir saugesnis, nes gydymui reikia ma\u017eiau energijos. \u00a0 \u201eEllipse\u201c saugumas ir efektyvumas patvirtintas klinikiniais tyrimais, kuriuos prie\u0161 pateikiant gamin\u012f vartotojams, atliko gars\u016bs gydytojai. \u0160i\u0173 tyrim\u0173 rezultatai skelbiami respektabiliuose.[\/vc_column_text][vc_row_inner][vc_column_inner width=&#8221;1\/2&#8243;][vc_column_text]<\/p>\n<h3>Taip pat J\u016bs galite\u00a0\u012fsigyti dovan\u0173 kuponus m\u016bs\u0173 salone ir padaryti puiki\u0105 dovan\u0105 savo artimiesiems!<\/h3>\n<p>[\/vc_column_text][\/vc_column_inner][vc_column_inner width=&#8221;1\/2&#8243;][vc_single_image image=&#8221;131&#8243; border_color=&#8221;grey&#8221; img_link_target=&#8221;_self&#8221; img_size=&#8221;large&#8221;][\/vc_column_inner][\/vc_row_inner][\/vc_column][\/vc_row]<\/p>\n<\/div>","protected":false},"excerpt":{"rendered":"<p>[vc_row][vc_column][vc_column_text]Mes jums galime pasi\u016blyti \u012fvairiausi\u0173 variant\u0173 kaip pri\u017ei\u016br\u0117ti od\u0105, kad ji b\u016bt\u0173 daili, sveika ir kuo ilgiau i\u0161likt\u0173 jaunatvi\u0161ka, ta\u010diau dauguma odos dailinimo proced\u016br\u0173 pasi\u017eymi tik trumpalaikiu poveikiu. Bet mes turime jums ger\u0173 naujien\u0173! Gro\u017eio proced\u016bros moderniu \u201cEllipse\u201d I2PL kaip patvirtino moksliniai tyrimai, yra ne tik saugios, greitos, veiksmingos, bet ir turi ilgalaik\u012f poveik\u012f! ELLIPSE [&hellip;]<\/p>\n","protected":false},"author":2,"featured_media":0,"parent":0,"menu_order":0,"comment_status":"open","ping_status":"open","template":"","meta":{"_acf_changed":false,"_exactmetrics_skip_tracking":false,"_exactmetrics_sitenote_active":false,"_exactmetrics_sitenote_note":"","_exactmetrics_sitenote_category":0,"footnotes":""},"class_list":["post-36","page","type-page","status-publish","hentry"],"acf":[],"aioseo_notices":[],"_links":{"self":[{"href":"https:\/\/laserofbeauty.co.uk\/lt\/wp-json\/wp\/v2\/pages\/36"}],"collection":[{"href":"https:\/\/laserofbeauty.co.uk\/lt\/wp-json\/wp\/v2\/pages"}],"about":[{"href":"https:\/\/laserofbeauty.co.uk\/lt\/wp-json\/wp\/v2\/types\/page"}],"author":[{"embeddable":true,"href":"https:\/\/laserofbeauty.co.uk\/lt\/wp-json\/wp\/v2\/users\/2"}],"replies":[{"embeddable":true,"href":"https:\/\/laserofbeauty.co.uk\/lt\/wp-json\/wp\/v2\/comments?post=36"}],"version-history":[{"count":2,"href":"https:\/\/laserofbeauty.co.uk\/lt\/wp-json\/wp\/v2\/pages\/36\/revisions"}],"predecessor-version":[{"id":278,"href":"https:\/\/laserofbeauty.co.uk\/lt\/wp-json\/wp\/v2\/pages\/36\/revisions\/278"}],"wp:attachment":[{"href":"https:\/\/laserofbeauty.co.uk\/lt\/wp-json\/wp\/v2\/media?parent=36"}],"curies":[{"name":"wp","href":"https:\/\/api.w.org\/{rel}","templated":true}]}}