{"id":38,"date":"2014-12-29T14:59:05","date_gmt":"2014-12-29T14:59:05","guid":{"rendered":"https:\/\/laserofbeauty.co.uk\/?page_id=38"},"modified":"2017-02-09T11:34:57","modified_gmt":"2017-02-09T11:34:57","slug":"kainos","status":"publish","type":"page","link":"https:\/\/laserofbeauty.co.uk\/lt\/kainos\/","title":{"rendered":"Kainos"},"content":{"rendered":"<table class=\"price\" cellspacing=\"0\" cellpadding=\"0\">\n<tbody>\n<tr style=\"height: 48px;\">\n<th style=\"height: 48px;\" valign=\"top\" width=\"189\"><strong>Sritis<\/strong><\/th>\n<th style=\"height: 48px;\" valign=\"top\" width=\"189\"><strong>Vienos proced\u016bros kaina<\/strong><\/th>\n<th style=\"height: 48px;\" valign=\"top\" width=\"189\"><strong>6-i\u0173 proced\u016br\u0173 kaina<\/strong><\/th>\n<\/tr>\n<tr class=\"headline\" style=\"background: #f55516; color: #ffffff; height: 24px;\">\n<td style=\"width: 568px; height: 24px;\" colspan=\"3\" valign=\"top\" width=\"568\">PLAUK\u0172 \u0160ALINIMAS<\/td>\n<\/tr>\n<tr style=\"height: 24px;\">\n<td style=\"height: 24px;\" valign=\"top\" width=\"189\">L\u016bpas<\/td>\n<td style=\"height: 24px;\" valign=\"top\" width=\"189\">\u00a325\u00a0(+VAT)<\/td>\n<td style=\"height: 24px;\" valign=\"top\" width=\"189\">\u00a3120\u00a0(+VAT)<\/td>\n<\/tr>\n<tr style=\"height: 24px;\">\n<td style=\"height: 24px;\" valign=\"top\" width=\"189\">Smakras<\/td>\n<td style=\"height: 24px;\" valign=\"top\" width=\"189\">\u00a325\u00a0(+VAT)<\/td>\n<td style=\"height: 24px;\" valign=\"top\" width=\"189\">\u00a3120\u00a0(+VAT)<\/td>\n<\/tr>\n<tr style=\"height: 24px;\">\n<td style=\"height: 24px;\" valign=\"top\" width=\"189\">Pilnas veidas<\/td>\n<td style=\"height: 24px;\" valign=\"top\" width=\"189\">\u00a380\u00a0(+VAT)<\/td>\n<td style=\"height: 24px;\" valign=\"top\" width=\"189\">\u00a3440\u00a0(+VAT)<\/td>\n<\/tr>\n<tr style=\"height: 24px;\">\n<td style=\"height: 24px;\" valign=\"top\" width=\"189\">Bikini linija<\/td>\n<td style=\"height: 24px;\" valign=\"top\" width=\"189\">\u00a360\u00a0(+VAT)<\/td>\n<td style=\"height: 24px;\" valign=\"top\" width=\"189\">\u00a3300\u00a0(+VAT)<\/td>\n<\/tr>\n<tr style=\"height: 24px;\">\n<td style=\"height: 24px;\" valign=\"top\" width=\"189\">Prailgintas bikini<\/td>\n<td style=\"height: 24px;\" valign=\"top\" width=\"189\">\u00a380\u00a0(+VAT)<\/td>\n<td style=\"height: 24px;\" valign=\"top\" width=\"189\">\u00a3400\u00a0(+VAT)<\/td>\n<\/tr>\n<tr style=\"height: 24.6px;\">\n<td style=\"height: 24.6px;\" valign=\"top\" width=\"189\">Pilnas bikini<\/td>\n<td style=\"height: 24.6px;\" valign=\"top\" width=\"189\">\u00a3100\u00a0(+VAT)<\/td>\n<td style=\"height: 24.6px;\" valign=\"top\" width=\"189\">\u00a3500\u00a0(+VAT)<\/td>\n<\/tr>\n<tr style=\"height: 24px;\">\n<td style=\"height: 24px;\" valign=\"top\" width=\"189\">Pus\u0117 kojos<\/td>\n<td style=\"height: 24px;\" valign=\"top\" width=\"189\">\u00a3100\u00a0(+VAT)<\/td>\n<td style=\"height: 24px;\" valign=\"top\" width=\"189\">\u00a3500\u00a0(+VAT)<\/td>\n<\/tr>\n<tr style=\"height: 24px;\">\n<td style=\"height: 24px;\" valign=\"top\" width=\"189\">Pilnos kojos<\/td>\n<td style=\"height: 24px;\" valign=\"top\" width=\"189\">\u00a3180\u00a0(+VAT)<\/td>\n<td style=\"height: 24px;\" valign=\"top\" width=\"189\">\u00a3950\u00a0(+VAT)<\/td>\n<\/tr>\n<tr style=\"height: 24px;\">\n<td style=\"height: 24px;\" valign=\"top\" width=\"189\">Nugara<\/td>\n<td style=\"height: 24px;\" valign=\"top\" width=\"189\">\u00a3120\u00a0(+VAT)<\/td>\n<td style=\"height: 24px;\" valign=\"top\" width=\"189\">\u00a3680\u00a0(+VAT)<\/td>\n<\/tr>\n<tr style=\"height: 24px;\">\n<td style=\"height: 24px;\" valign=\"top\" width=\"189\">Kr\u016btin\u0117<\/td>\n<td style=\"height: 24px;\" valign=\"top\" width=\"189\">\u00a3120\u00a0(+VAT)<\/td>\n<td style=\"height: 24px;\" valign=\"top\" width=\"189\">\u00a3680\u00a0(+VAT)<\/td>\n<\/tr>\n<tr style=\"height: 24px;\">\n<td style=\"height: 24px;\" valign=\"top\" width=\"189\">Pa\u017eastys<\/td>\n<td style=\"height: 24px;\" valign=\"top\" width=\"189\">\u00a350\u00a0(+VAT)<\/td>\n<td style=\"height: 24px;\" valign=\"top\" width=\"189\">\u00a3260\u00a0(+VAT)<\/td>\n<\/tr>\n<tr style=\"height: 24px;\">\n<td style=\"height: 24px;\" valign=\"top\" width=\"189\">Visas k\u016bnas<\/td>\n<td style=\"height: 24px;\" valign=\"top\" width=\"189\">\u00a3400\u00a0(+VAT)<\/td>\n<td style=\"height: 24px;\" valign=\"top\" width=\"189\">\u00a32000\u00a0(+VAT)<\/td>\n<\/tr>\n<tr class=\"headline\" style=\"background: #f55516; color: #ffffff; height: 24px;\">\n<td style=\"width: 568px; height: 24px;\" colspan=\"3\" valign=\"top\" width=\"568\">VEIDO JAUNINIMAS IR AKN\u0116<\/td>\n<\/tr>\n<tr style=\"height: 24px;\">\n<td style=\"height: 24px;\" valign=\"top\" width=\"189\">Pilnas veidas su dekolte<\/td>\n<td style=\"height: 24px;\" valign=\"top\" width=\"189\">\u00a3130\u00a0(+VAT)<\/td>\n<td style=\"height: 24px;\" valign=\"top\" width=\"189\">\u00a3700\u00a0(+VAT)<\/td>\n<\/tr>\n<tr style=\"height: 24px;\">\n<td style=\"height: 24px;\" valign=\"top\" width=\"189\">Veidas ir kaklas<\/td>\n<td style=\"height: 24px;\" valign=\"top\" width=\"189\">\u00a3100\u00a0(+VAT)<\/td>\n<td style=\"height: 24px;\" valign=\"top\" width=\"189\">\u00a3500\u00a0(+VAT)<\/td>\n<\/tr>\n<tr style=\"height: 24px;\">\n<td style=\"height: 24px;\" valign=\"top\" width=\"189\">Veidas<\/td>\n<td style=\"height: 24px;\" valign=\"top\" width=\"189\">\u00a380\u00a0(+VAT)<\/td>\n<td style=\"height: 24px;\" valign=\"top\" width=\"189\">\u00a3440\u00a0(+VAT)<\/td>\n<\/tr>\n<tr class=\"headline\" style=\"background: #f55516; color: #ffffff; height: 24px;\">\n<td style=\"height: 24px;\" colspan=\"3\" valign=\"top\" width=\"568\">KAPILIAR\u0172 GYDYMAS<\/td>\n<\/tr>\n<tr style=\"height: 24px;\">\n<td style=\"height: 24px;\" colspan=\"3\" valign=\"top\" width=\"568\">Nuo\u00a0\u00a320\u00a0(+VAT)<\/td>\n<\/tr>\n<\/tbody>\n<\/table>\n","protected":false},"excerpt":{"rendered":"<p>Sritis Vienos proced\u016bros kaina 6-i\u0173 proced\u016br\u0173 kaina PLAUK\u0172 \u0160ALINIMAS L\u016bpas \u00a325\u00a0(+VAT) \u00a3120\u00a0(+VAT) Smakras \u00a325\u00a0(+VAT) \u00a3120\u00a0(+VAT) Pilnas veidas \u00a380\u00a0(+VAT) \u00a3440\u00a0(+VAT) Bikini linija \u00a360\u00a0(+VAT) \u00a3300\u00a0(+VAT) Prailgintas bikini \u00a380\u00a0(+VAT) \u00a3400\u00a0(+VAT) Pilnas bikini \u00a3100\u00a0(+VAT) \u00a3500\u00a0(+VAT) Pus\u0117 kojos \u00a3100\u00a0(+VAT) \u00a3500\u00a0(+VAT) Pilnos kojos \u00a3180\u00a0(+VAT) \u00a3950\u00a0(+VAT) Nugara \u00a3120\u00a0(+VAT) \u00a3680\u00a0(+VAT) Kr\u016btin\u0117 \u00a3120\u00a0(+VAT) \u00a3680\u00a0(+VAT) Pa\u017eastys \u00a350\u00a0(+VAT) \u00a3260\u00a0(+VAT) Visas k\u016bnas \u00a3400\u00a0(+VAT) \u00a32000\u00a0(+VAT) VEIDO JAUNINIMAS IR [&hellip;]<\/p>\n","protected":false},"author":2,"featured_media":0,"parent":0,"menu_order":0,"comment_status":"open","ping_status":"open","template":"","meta":{"_acf_changed":false,"_exactmetrics_skip_tracking":false,"_exactmetrics_sitenote_active":false,"_exactmetrics_sitenote_note":"","_exactmetrics_sitenote_category":0,"footnotes":""},"class_list":["post-38","page","type-page","status-publish","hentry"],"acf":[],"aioseo_notices":[],"_links":{"self":[{"href":"https:\/\/laserofbeauty.co.uk\/lt\/wp-json\/wp\/v2\/pages\/38"}],"collection":[{"href":"https:\/\/laserofbeauty.co.uk\/lt\/wp-json\/wp\/v2\/pages"}],"about":[{"href":"https:\/\/laserofbeauty.co.uk\/lt\/wp-json\/wp\/v2\/types\/page"}],"author":[{"embeddable":true,"href":"https:\/\/laserofbeauty.co.uk\/lt\/wp-json\/wp\/v2\/users\/2"}],"replies":[{"embeddable":true,"href":"https:\/\/laserofbeauty.co.uk\/lt\/wp-json\/wp\/v2\/comments?post=38"}],"version-history":[{"count":5,"href":"https:\/\/laserofbeauty.co.uk\/lt\/wp-json\/wp\/v2\/pages\/38\/revisions"}],"predecessor-version":[{"id":755,"href":"https:\/\/laserofbeauty.co.uk\/lt\/wp-json\/wp\/v2\/pages\/38\/revisions\/755"}],"wp:attachment":[{"href":"https:\/\/laserofbeauty.co.uk\/lt\/wp-json\/wp\/v2\/media?parent=38"}],"curies":[{"name":"wp","href":"https:\/\/api.w.org\/{rel}","templated":true}]}}