{"id":44,"date":"2014-12-29T14:59:45","date_gmt":"2014-12-29T14:59:45","guid":{"rendered":"https:\/\/laserofbeauty.co.uk\/?page_id=44"},"modified":"2017-02-08T15:41:57","modified_gmt":"2017-02-08T15:41:57","slug":"kontaktai","status":"publish","type":"page","link":"https:\/\/laserofbeauty.co.uk\/lt\/kontaktai\/","title":{"rendered":"Kontaktai"},"content":{"rendered":"<div class=\"wpb-content-wrapper\"><p>[vc_row][vc_column width=&#8221;1\/1&#8243;][vc_gmaps link=&#8221;#E-8_JTNDaWZyYW1lJTIwc3JjJTNEJTIyaHR0cHMlM0ElMkYlMkZ3d3cuZ29vZ2xlLmNvbSUyRm1hcHMlMkZlbWJlZCUzRnBiJTNEJTIxMW0xOCUyMTFtMTIlMjExbTMlMjExZDI0ODEuMjAwMjg2MDU1OTMxNCUyMTJkMC4wOTQ2MTIwMDAwMDAwMTIwNSUyMTNkNTEuNTQ2MjI2MzAwMDAwMDElMjEybTMlMjExZjAlMjEyZjAlMjEzZjAlMjEzbTIlMjExaTEwMjQlMjEyaTc2OCUyMTRmMTMuMSUyMTNtMyUyMTFtMiUyMTFzMHg0N2Q4YTVkODAzODg1ZGZkJTI1M0EweGJmZTVkMDU4NzQyYTdiNDMlMjEyczM4JTJCTG9uZ2JyaWRnZSUyQlJkJTI1MkMlMkJCYXJraW5nJTI1MkMlMkJHcmVhdGVyJTJCTG9uZG9uJTJCSUcxMSUyQjhVUiUyNTJDJTJCSnVuZ3RpbiUyNUM0JTI1OTclMkJLYXJhbHlzdCUyNUM0JTI1OTclMjE1ZTAlMjEzbTIlMjExc2x0JTIxMnN1cyUyMTR2MTQyMzA3NTAxNzA1MyUyMiUyMHdpZHRoJTNEJTIyODAwJTIyJTIwaGVpZ2h0JTNEJTIyNjAwJTIyJTIwZnJhbWVib3JkZXIlM0QlMjIwJTIyJTIwc3R5bGUlM0QlMjJib3JkZXIlM0EwJTIyJTNFJTNDJTJGaWZyYW1lJTNF&#8221; size=&#8221;300&#8243;][vc_row_inner][vc_column_inner width=&#8221;1\/2&#8243;][vc_column_text]<\/p>\n<h4>Laser Of Beauty &#8211; Londone<\/h4>\n<table>\n<tbody>\n<tr>\n<td style=\"width: 100px;\"><strong><em>Adresas:<\/em><\/strong><\/td>\n<td>38 Longbrige Road Barking, IG11 8RT<\/td>\n<\/tr>\n<tr>\n<td style=\"width: 100px;\"><strong><em>Mobilus:<\/em><\/strong><\/td>\n<td>Sandra +447919273205;\u00a0<span style=\"font-family: inherit; font-size: inherit;\">Eda +447568305179<\/span><\/td>\n<\/tr>\n<tr>\n<td style=\"width: 100px;\"><strong><em>Telefonas:<\/em><\/strong><\/td>\n<td>020 8591 6613<\/td>\n<\/tr>\n<\/tbody>\n<\/table>\n<hr \/>\n<h4>Laser Of Beauty &#8211;\u00a0Peterbore<\/h4>\n<table>\n<tbody>\n<tr>\n<td style=\"width: 100px;\"><strong><em>Adresas:<\/em><\/strong><\/td>\n<td>Jenna Clinic, 62 Park road, PE1 2TH<\/td>\n<\/tr>\n<tr>\n<td style=\"width: 100px;\"><strong><em>Telefonas:<\/em><\/strong><\/td>\n<td>01733 315 487<\/td>\n<\/tr>\n<tr>\n<td style=\"width: 100px;\"><strong><em>Web:<\/em><\/strong><\/td>\n<td><a href=\"http:\/\/www.jennaclinic.co.uk\">www.jennaclinic.co.uk<\/a><\/td>\n<\/tr>\n<\/tbody>\n<\/table>\n<p>[\/vc_column_text][vc_column_text]<\/p>\n<h4>Mes dirbame<\/h4>\n<table>\n<tbody>\n<tr>\n<td style=\"width: 100px;\"><em><strong>Pirmadienis:<\/strong><\/em><\/td>\n<td>10:00AM \u2013 20:00PM<\/td>\n<\/tr>\n<tr>\n<td style=\"width: 100px;\"><em><strong>Antradienis:<\/strong><\/em><\/td>\n<td>10:00AM \u2013 20:00PM<\/td>\n<\/tr>\n<tr>\n<td style=\"width: 100px;\"><em><strong>Tre\u010diadienis:<\/strong><\/em><\/td>\n<td>10:00AM \u2013 20:00PM<\/td>\n<\/tr>\n<tr>\n<td style=\"width: 100px;\"><em><strong>Ketvirtadienis:<\/strong><\/em><\/td>\n<td>10:00AM \u2013 20:00PM<\/td>\n<\/tr>\n<tr>\n<td style=\"width: 100px;\"><em><strong>Penktadienis:<\/strong><\/em><\/td>\n<td>10:00AM \u2013 20:00PM<\/td>\n<\/tr>\n<tr>\n<td style=\"width: 100px;\"><em><strong>\u0160e\u0161tadienis:<\/strong><\/em><\/td>\n<td>09:00AM \u2013 20:00PM<\/td>\n<\/tr>\n<tr>\n<td style=\"width: 100px;\"><em><strong>Sekmadienis:<\/strong><\/em><\/td>\n<td>Pagal paskyr\u0105<\/td>\n<\/tr>\n<\/tbody>\n<\/table>\n<p>[\/vc_column_text][\/vc_column_inner][vc_column_inner width=&#8221;1\/2&#8243;][vc_column_text]<\/p>\n<h4>Para\u0161ykite mums<\/h4>\n<p><script type=\"text\/javascript\">var gform;gform||(document.addEventListener(\"gform_main_scripts_loaded\",function(){gform.scriptsLoaded=!0}),window.addEventListener(\"DOMContentLoaded\",function(){gform.domLoaded=!0}),gform={domLoaded:!1,scriptsLoaded:!1,initializeOnLoaded:function(o){gform.domLoaded&&gform.scriptsLoaded?o():!gform.domLoaded&&gform.scriptsLoaded?window.addEventListener(\"DOMContentLoaded\",o):document.addEventListener(\"gform_main_scripts_loaded\",o)},hooks:{action:{},filter:{}},addAction:function(o,n,r,t){gform.addHook(\"action\",o,n,r,t)},addFilter:function(o,n,r,t){gform.addHook(\"filter\",o,n,r,t)},doAction:function(o){gform.doHook(\"action\",o,arguments)},applyFilters:function(o){return gform.doHook(\"filter\",o,arguments)},removeAction:function(o,n){gform.removeHook(\"action\",o,n)},removeFilter:function(o,n,r){gform.removeHook(\"filter\",o,n,r)},addHook:function(o,n,r,t,i){null==gform.hooks[o][n]&&(gform.hooks[o][n]=[]);var e=gform.hooks[o][n];null==i&&(i=n+\"_\"+e.length),gform.hooks[o][n].push({tag:i,callable:r,priority:t=null==t?10:t})},doHook:function(n,o,r){var t;if(r=Array.prototype.slice.call(r,1),null!=gform.hooks[n][o]&&((o=gform.hooks[n][o]).sort(function(o,n){return o.priority-n.priority}),o.forEach(function(o){\"function\"!=typeof(t=o.callable)&&(t=window[t]),\"action\"==n?t.apply(null,r):r[0]=t.apply(null,r)})),\"filter\"==n)return r[0]},removeHook:function(o,n,t,i){var r;null!=gform.hooks[o][n]&&(r=(r=gform.hooks[o][n]).filter(function(o,n,r){return!!(null!=i&&i!=o.tag||null!=t&&t!=o.priority)}),gform.hooks[o][n]=r)}});<\/script>\n                <div class='gf_browser_gecko gform_wrapper gform_legacy_markup_wrapper gform-theme--no-framework' data-form-theme='legacy' data-form-index='0' id='gform_wrapper_4' ><div id='gf_4' class='gform_anchor' tabindex='-1'><\/div><form method='post' enctype='multipart\/form-data' target='gform_ajax_frame_4' id='gform_4'  action='\/lt\/wp-json\/wp\/v2\/pages\/44#gf_4' data-formid='4' novalidate>\n                        <div class='gform-body gform_body'><ul id='gform_fields_4' class='gform_fields top_label form_sublabel_below description_below validation_below'><li id=\"field_4_1\" class=\"gfield gfield--type-text gfield--input-type-text gf-add-placeholder gfield_contains_required field_sublabel_below gfield--no-description field_description_below field_validation_below gfield_visibility_visible\"  data-js-reload=\"field_4_1\" ><label class='gfield_label gform-field-label' for='input_4_1'>J\u016bs\u0173 vardas<span class=\"gfield_required\"><span class=\"gfield_required gfield_required_asterisk\">*<\/span><\/span><\/label><div class='ginput_container ginput_container_text'><input name='input_1' id='input_4_1' type='text' value='' class='medium'     aria-required=\"true\" aria-invalid=\"false\"   \/> <\/div><\/li><li id=\"field_4_3\" class=\"gfield gfield--type-email gfield--input-type-email gf-add-placeholder gfield_contains_required field_sublabel_below gfield--no-description field_description_below field_validation_below gfield_visibility_visible\"  data-js-reload=\"field_4_3\" ><label class='gfield_label gform-field-label' for='input_4_3'>J\u016bs\u0173 el. pa\u0161tas<span class=\"gfield_required\"><span class=\"gfield_required gfield_required_asterisk\">*<\/span><\/span><\/label><div class='ginput_container ginput_container_email'>\n                            <input name='input_3' id='input_4_3' type='email' value='' class='medium'    aria-required=\"true\" aria-invalid=\"false\"  \/>\n                        <\/div><\/li><li id=\"field_4_4\" class=\"gfield gfield--type-text gfield--input-type-text gf-add-placeholder field_sublabel_below gfield--no-description field_description_below field_validation_below gfield_visibility_visible\"  data-js-reload=\"field_4_4\" ><label class='gfield_label gform-field-label' for='input_4_4'>Tema<\/label><div class='ginput_container ginput_container_text'><input name='input_4' id='input_4_4' type='text' value='' class='medium'      aria-invalid=\"false\"   \/> <\/div><\/li><li id=\"field_4_5\" class=\"gfield gfield--type-textarea gfield--input-type-textarea gf-add-placeholder field_sublabel_below gfield--no-description field_description_below field_validation_below gfield_visibility_visible\"  data-js-reload=\"field_4_5\" ><label class='gfield_label gform-field-label' for='input_4_5'>\u017dinut\u0117<\/label><div class='ginput_container ginput_container_textarea'><textarea name='input_5' id='input_4_5' class='textarea medium'      aria-invalid=\"false\"   rows='10' cols='50'><\/textarea><\/div><\/li><li id=\"field_4_6\" class=\"gfield gfield--type-checkbox gfield--type-choice gfield--input-type-checkbox gfield_contains_required field_sublabel_below gfield--has-description field_description_above field_validation_below gfield_visibility_visible\"  data-js-reload=\"field_4_6\" ><label class='gfield_label gform-field-label gfield_label_before_complex' >Privatumo politika<span class=\"gfield_required\"><span class=\"gfield_required gfield_required_asterisk\">*<\/span><\/span><\/label><div class='gfield_description' id='gfield_description_4_6'>\u0160i forma renka J\u016bs\u0173 asmenin\u0119 informacij\u0105, tam kad gal\u0117tume susisiekti su Jumis. Susipa\u017einkite su <a href=\"https:\/\/laserofbeauty.co.uk\/privatumo-politika\" target=\"_blank\">privatumo politika<\/a>, kaip mes saugome ir tvarkome pateiktus duomenis!<\/div><div class='ginput_container ginput_container_checkbox'><ul class='gfield_checkbox' id='input_4_6'><li class='gchoice gchoice_4_6_1'>\n\t\t\t\t\t\t\t\t<input class='gfield-choice-input' name='input_6.1' type='checkbox'  value='A\u0161 sutinku, kad laserofbeauty.co.uk rinkt\u0173 asmenin\u0119 informacij\u0105!'  id='choice_4_6_1'   aria-describedby=\"gfield_description_4_6\"\/>\n\t\t\t\t\t\t\t\t<label for='choice_4_6_1' id='label_4_6_1' class='gform-field-label gform-field-label--type-inline'>A\u0161 sutinku, kad laserofbeauty.co.uk rinkt\u0173 asmenin\u0119 informacij\u0105!<\/label>\n\t\t\t\t\t\t\t<\/li><\/ul><\/div><\/li><li id=\"field_4_7\" class=\"gfield gfield--type-captcha gfield--input-type-captcha gfield--width-full field_sublabel_below gfield--no-description field_description_below field_validation_below gfield_visibility_visible\"  data-js-reload=\"field_4_7\" ><label class='gfield_label gform-field-label' for='input_4_7'>CAPTCHA<\/label><div id='input_4_7' class='ginput_container ginput_recaptcha' data-sitekey='6LcN9AETAAAAAEobCUOeyoXsVE6pqptbvSKpX8yO'  data-theme='light' data-tabindex='0'  data-badge=''><\/div><\/li><\/ul><\/div>\n        <div class='gform_footer top_label'> <input type='submit' id='gform_submit_button_4' class='gform_button button' value='Si\u0173sti'  onclick='if(window[\"gf_submitting_4\"]){return false;}  if( !jQuery(\"#gform_4\")[0].checkValidity || jQuery(\"#gform_4\")[0].checkValidity()){window[\"gf_submitting_4\"]=true;}  ' onkeypress='if( event.keyCode == 13 ){ if(window[\"gf_submitting_4\"]){return false;} if( !jQuery(\"#gform_4\")[0].checkValidity || jQuery(\"#gform_4\")[0].checkValidity()){window[\"gf_submitting_4\"]=true;}  jQuery(\"#gform_4\").trigger(\"submit\",[true]); }' \/> <input type='hidden' name='gform_ajax' value='form_id=4&amp;title=&amp;description=&amp;tabindex=0&amp;theme=legacy' \/>\n            <input type='hidden' class='gform_hidden' name='is_submit_4' value='1' \/>\n            <input type='hidden' class='gform_hidden' name='gform_submit' value='4' \/>\n            \n            <input type='hidden' class='gform_hidden' name='gform_unique_id' value='' \/>\n            <input type='hidden' class='gform_hidden' name='state_4' value='WyJbXSIsImEwYWQ0ZGZlMWRjNDc1NzI3NTE5NGVjMzk1YWYwODBiIl0=' \/>\n            <input type='hidden' class='gform_hidden' name='gform_target_page_number_4' id='gform_target_page_number_4' value='0' \/>\n            <input type='hidden' class='gform_hidden' name='gform_source_page_number_4' id='gform_source_page_number_4' value='1' \/>\n            <input type='hidden' name='gform_field_values' value='' \/>\n            \n        <\/div>\n                        <\/form>\n                        <\/div>\n\t\t                <iframe style='display:none;width:0px;height:0px;' src='about:blank' name='gform_ajax_frame_4' id='gform_ajax_frame_4' title='This iframe contains the logic required to handle Ajax powered Gravity Forms.'><\/iframe>\n\t\t                <script type=\"text\/javascript\">\n\/* <![CDATA[ *\/\n gform.initializeOnLoaded( function() {gformInitSpinner( 4, 'https:\/\/laserofbeauty.co.uk\/wp-content\/plugins\/gravityforms\/images\/spinner.svg', true );jQuery('#gform_ajax_frame_4').on('load',function(){var contents = jQuery(this).contents().find('*').html();var is_postback = contents.indexOf('GF_AJAX_POSTBACK') >= 0;if(!is_postback){return;}var form_content = jQuery(this).contents().find('#gform_wrapper_4');var is_confirmation = jQuery(this).contents().find('#gform_confirmation_wrapper_4').length > 0;var is_redirect = contents.indexOf('gformRedirect(){') >= 0;var is_form = form_content.length > 0 && ! is_redirect && ! is_confirmation;var mt = parseInt(jQuery('html').css('margin-top'), 10) + parseInt(jQuery('body').css('margin-top'), 10) + 100;if(is_form){jQuery('#gform_wrapper_4').html(form_content.html());if(form_content.hasClass('gform_validation_error')){jQuery('#gform_wrapper_4').addClass('gform_validation_error');} else {jQuery('#gform_wrapper_4').removeClass('gform_validation_error');}setTimeout( function() { \/* delay the scroll by 50 milliseconds to fix a bug in chrome *\/ jQuery(document).scrollTop(jQuery('#gform_wrapper_4').offset().top - mt); }, 50 );if(window['gformInitDatepicker']) {gformInitDatepicker();}if(window['gformInitPriceFields']) {gformInitPriceFields();}var current_page = jQuery('#gform_source_page_number_4').val();gformInitSpinner( 4, 'https:\/\/laserofbeauty.co.uk\/wp-content\/plugins\/gravityforms\/images\/spinner.svg', true );jQuery(document).trigger('gform_page_loaded', [4, current_page]);window['gf_submitting_4'] = false;}else if(!is_redirect){var confirmation_content = jQuery(this).contents().find('.GF_AJAX_POSTBACK').html();if(!confirmation_content){confirmation_content = contents;}jQuery('#gform_wrapper_4').replaceWith(confirmation_content);jQuery(document).scrollTop(jQuery('#gf_4').offset().top - mt);jQuery(document).trigger('gform_confirmation_loaded', [4]);window['gf_submitting_4'] = false;wp.a11y.speak(jQuery('#gform_confirmation_message_4').text());}else{jQuery('#gform_4').append(contents);if(window['gformRedirect']) {gformRedirect();}}jQuery(document).trigger(\"gform_pre_post_render\", [{ formId: \"4\", currentPage: \"current_page\", abort: function() { this.preventDefault(); } }]);                if (event && event.defaultPrevented) {                return;         }        const gformWrapperDiv = document.getElementById( \"gform_wrapper_4\" );        if ( gformWrapperDiv ) {            const visibilitySpan = document.createElement( \"span\" );            visibilitySpan.id = \"gform_visibility_test_4\";            gformWrapperDiv.insertAdjacentElement( \"afterend\", visibilitySpan );        }        const visibilityTestDiv = document.getElementById( \"gform_visibility_test_4\" );        let postRenderFired = false;                function triggerPostRender() {            if ( postRenderFired ) {                return;            }            postRenderFired = true;            jQuery( document ).trigger( 'gform_post_render', [4, current_page] );            gform.utils.trigger( { event: 'gform\/postRender', native: false, data: { formId: 4, currentPage: current_page } } );            if ( visibilityTestDiv ) {                visibilityTestDiv.parentNode.removeChild( visibilityTestDiv );            }        }        function debounce( func, wait, immediate ) {            var timeout;            return function() {                var context = this, args = arguments;                var later = function() {                    timeout = null;                    if ( !immediate ) func.apply( context, args );                };                var callNow = immediate && !timeout;                clearTimeout( timeout );                timeout = setTimeout( later, wait );                if ( callNow ) func.apply( context, args );            };        }        const debouncedTriggerPostRender = debounce( function() {            triggerPostRender();        }, 200 );        if ( visibilityTestDiv && visibilityTestDiv.offsetParent === null ) {            const observer = new MutationObserver( ( mutations ) => {                mutations.forEach( ( mutation ) => {                    if ( mutation.type === 'attributes' && visibilityTestDiv.offsetParent !== null ) {                        debouncedTriggerPostRender();                        observer.disconnect();                    }                });            });            observer.observe( document.body, {                attributes: true,                childList: false,                subtree: true,                attributeFilter: [ 'style', 'class' ],            });        } else {            triggerPostRender();        }    } );} ); \n\/* ]]> *\/\n<\/script>\n[\/vc_column_text][\/vc_column_inner][\/vc_row_inner][\/vc_column][\/vc_row]<\/p>\n<\/div>","protected":false},"excerpt":{"rendered":"<p>[vc_row][vc_column width=&#8221;1\/1&#8243;][vc_gmaps link=&#8221;#E-8_JTNDaWZyYW1lJTIwc3JjJTNEJTIyaHR0cHMlM0ElMkYlMkZ3d3cuZ29vZ2xlLmNvbSUyRm1hcHMlMkZlbWJlZCUzRnBiJTNEJTIxMW0xOCUyMTFtMTIlMjExbTMlMjExZDI0ODEuMjAwMjg2MDU1OTMxNCUyMTJkMC4wOTQ2MTIwMDAwMDAwMTIwNSUyMTNkNTEuNTQ2MjI2MzAwMDAwMDElMjEybTMlMjExZjAlMjEyZjAlMjEzZjAlMjEzbTIlMjExaTEwMjQlMjEyaTc2OCUyMTRmMTMuMSUyMTNtMyUyMTFtMiUyMTFzMHg0N2Q4YTVkODAzODg1ZGZkJTI1M0EweGJmZTVkMDU4NzQyYTdiNDMlMjEyczM4JTJCTG9uZ2JyaWRnZSUyQlJkJTI1MkMlMkJCYXJraW5nJTI1MkMlMkJHcmVhdGVyJTJCTG9uZG9uJTJCSUcxMSUyQjhVUiUyNTJDJTJCSnVuZ3RpbiUyNUM0JTI1OTclMkJLYXJhbHlzdCUyNUM0JTI1OTclMjE1ZTAlMjEzbTIlMjExc2x0JTIxMnN1cyUyMTR2MTQyMzA3NTAxNzA1MyUyMiUyMHdpZHRoJTNEJTIyODAwJTIyJTIwaGVpZ2h0JTNEJTIyNjAwJTIyJTIwZnJhbWVib3JkZXIlM0QlMjIwJTIyJTIwc3R5bGUlM0QlMjJib3JkZXIlM0EwJTIyJTNFJTNDJTJGaWZyYW1lJTNF&#8221; size=&#8221;300&#8243;][vc_row_inner][vc_column_inner width=&#8221;1\/2&#8243;][vc_column_text] Laser Of Beauty &#8211; Londone Adresas: 38 Longbrige Road Barking, IG11 8RT Mobilus: Sandra +447919273205;\u00a0Eda +447568305179 Telefonas: 020 8591 6613 Laser Of Beauty &#8211;\u00a0Peterbore Adresas: Jenna Clinic, 62 Park road, PE1 2TH Telefonas: 01733 315 487 Web: www.jennaclinic.co.uk [\/vc_column_text][vc_column_text] Mes dirbame Pirmadienis: 10:00AM \u2013 20:00PM Antradienis: 10:00AM \u2013 20:00PM Tre\u010diadienis: [&hellip;]<\/p>\n","protected":false},"author":2,"featured_media":0,"parent":0,"menu_order":0,"comment_status":"open","ping_status":"open","template":"","meta":{"_acf_changed":false,"_exactmetrics_skip_tracking":false,"_exactmetrics_sitenote_active":false,"_exactmetrics_sitenote_note":"","_exactmetrics_sitenote_category":0,"footnotes":""},"class_list":["post-44","page","type-page","status-publish","hentry"],"acf":[],"aioseo_notices":[],"_links":{"self":[{"href":"https:\/\/laserofbeauty.co.uk\/lt\/wp-json\/wp\/v2\/pages\/44"}],"collection":[{"href":"https:\/\/laserofbeauty.co.uk\/lt\/wp-json\/wp\/v2\/pages"}],"about":[{"href":"https:\/\/laserofbeauty.co.uk\/lt\/wp-json\/wp\/v2\/types\/page"}],"author":[{"embeddable":true,"href":"https:\/\/laserofbeauty.co.uk\/lt\/wp-json\/wp\/v2\/users\/2"}],"replies":[{"embeddable":true,"href":"https:\/\/laserofbeauty.co.uk\/lt\/wp-json\/wp\/v2\/comments?post=44"}],"version-history":[{"count":7,"href":"https:\/\/laserofbeauty.co.uk\/lt\/wp-json\/wp\/v2\/pages\/44\/revisions"}],"predecessor-version":[{"id":744,"href":"https:\/\/laserofbeauty.co.uk\/lt\/wp-json\/wp\/v2\/pages\/44\/revisions\/744"}],"wp:attachment":[{"href":"https:\/\/laserofbeauty.co.uk\/lt\/wp-json\/wp\/v2\/media?parent=44"}],"curies":[{"name":"wp","href":"https:\/\/api.w.org\/{rel}","templated":true}]}}