{"id":46,"date":"2014-12-29T15:00:05","date_gmt":"2014-12-29T15:00:05","guid":{"rendered":"https:\/\/laserofbeauty.co.uk\/?page_id=46"},"modified":"2015-02-06T09:38:32","modified_gmt":"2015-02-06T09:38:32","slug":"ilgalaikis-plauku-salinimas","status":"publish","type":"page","link":"https:\/\/laserofbeauty.co.uk\/lt\/ilgalaikis-plauku-salinimas\/","title":{"rendered":"Ilgalaikis plauk\u0173 \u0161alinimas"},"content":{"rendered":"<div class=\"wpb-content-wrapper\"><p>[vc_row][vc_column][vc_row_inner][vc_column_inner width=&#8221;1\/3&#8243;][vc_single_image image=&#8221;128&#8243; border_color=&#8221;grey&#8221; img_link_target=&#8221;_self&#8221; img_size=&#8221;large&#8221;][\/vc_column_inner][vc_column_inner width=&#8221;2\/3&#8243;][vc_column_text]<strong>Norite visuomet d\u017eiaugtis glotnia ir \u0161velnia it \u0161ilkas oda? Suteikite odai malonuma \u2013 greit\u0105, neskausming\u0105 ir ilgalaik\u012f nepageidaujam\u0173 plaukeli\u0173 \u0161alinim\u0105 lazeriu.<\/strong> \u00a0 I<sup>2<\/sup>PL proced\u016bros, kurios atliekamos moderniu lazerin\u0117s \u012frangos gamintoj\u0173 aparatu<b>\u201eELLIPSE\u201d<\/b>:<\/p>\n<ul>\n<li>Naikina veido raudon\u012f ir i\u0161sipl\u0117tusius kapiliarus;<\/li>\n<li>\u0160alina pigmentines d\u0117mes;<\/li>\n<li>Padeda atsikratyti nepageidaujam\u0173 plauk\u0173;<\/li>\n<li>Atjaunina ir gra\u017eina veido, kaklo, dekolt\u0117, pla\u0161tak\u0173 oda.<\/li>\n<\/ul>\n<p>Kiekviena moteris svajoja apie lygi\u0105, glotni\u0105 od\u0105 Ypatingai \u0161ios proced\u016bros padedatiems, kas negali skusti ar depiliuoti plauk\u0173 \u012fprastais senais metodais ir tiems, kam \u012fauga plaukai po skutimo ardepiliavimo (susidaro paraud\u0119 mazgeliai, prisideda infekcija).<\/p>\n<h4><b>Kaip veikia \u201eEllipse\u201c?<\/b> <b>\u00a0<\/b><\/h4>\n<p>Technologija yra gana sudetinga ,ta\u010diau \u201cEllipse\u201d sistema \u012fdiegtu kompiuteriu labai atid\u017eiai ir tiksliai kontroliuoja vis\u0105 \u0161viesos skleidim\u0105. ELLIPSE I<sup>2<\/sup>PL\u00a0 sistemoje \u012fdiegtas papildomas filtras, kur\u012f sudaro cirkuliuojantis vanduo. Tai rei\u0161kia, kad \u0161viesos sudedamosios dalys, kurios paprastai \u201csu\u0161ildo\u201d vanden\u012f odoje, dabar \u201csu\u0161ildo\u201d vanden\u012f, esant\u012f sistemoje. Tai u\u017etikrina, kad \u012f j\u016bs\u0173 od\u0105 nukreiptoje \u0161viesoje yra tik tokie bang\u0173 ilgiai, kurie gali atlikti reikiam\u0105 funkcij\u0105. Gydymas su I<sup>2<\/sup>PL\u00a0 yra ne tik efektyvesnis, nes nereikalauja v\u0117sinimo, bet ir saugesnis, nes gydymui reikia ma\u017eiau energijos.[\/vc_column_text][\/vc_column_inner][\/vc_row_inner][vc_column_text]<\/p>\n<div class=\"post-1351 service type-service status-publish has-post-thumbnail hentry blog_post\">\n<h4><b>Kaip plauk\u0105 veikia impulsin\u0117 \u0161viesa?<\/b> <b>\u00a0<\/b><\/h4>\n<p>Plauke yra pigmento (melanino), kuris absorbuoja \u0161vies\u0105 ir paver\u010dia j\u0105 \u0161iluma. Plaukeliai persiun\u010dia \u0161i\u0105 \u0161ilum\u0105 \u012f plaukeli\u0173 folikulus, kurie yra sunaikinami, ir i\u0161 j\u0173 negali i\u0161augti nauji plaukai. \u00a0 Kad plauk\u0105 pasiekt\u0173 tinkama \u0161viesa, prie\u0161 proced\u016br\u0105 oda padengiama plonu permatomo gelio sluoksniu (gelis yra pana\u0161us \u012f t\u0105, kuris naudojamas atliekant proced\u016bras ultragarsu). Gelis padeda u\u017etikrinti optimal \u0161viesos perdavim\u0105 i\u0161 aplikatoriaus \u012f oda, taip pat apsaugo od\u0105 nuo perduodamos \u0161viesos \u0161ilumos (sulaiko kar\u0161t\u012f) Plaukuose esantis pigmentas sugeria lazerio skleid\u017eiam\u0105 energij\u0105, i\u0161siskiria labia didel\u0117 \u0161ilumin\u0117 energija, kuri ir sunaikin\u0105 jo svog\u016bn\u0117l\u012f. N\u0117ra svog\u016bn\u0117lio, nebeatauga ir plaukai.<\/p>\n<h4><b>Ar \u0161i proced\u016bra tinka vis\u0173 tip\u0173 plaukams?<\/b><\/h4>\n<p>Kadangi \u0161is metodas pagr\u012fstas \u0161viesos absorbcija \u012f plauk\u0173 pigment\u0105 (melanin\u0105), efektyviausiai pavyksta pa\u0161alinti tamsius plaukus. Kuo \u0161viesesn\u0117 oda, tuo didesnis kontrastas tarp odos ir plauko spalvos, tuo efektyviau atliekama proced\u016bra. Ellipses prietaise \u012fmontuota kompiuterin\u0117 sistema, kuri nustato reikiam\u0105 spindulio stiprum\u0105 pagal kiek vieno kliento individualius duomenis.<\/p>\n<h4><b>Ar proced\u016bra skausminga?<\/b> <b>\u00a0<\/b><\/h4>\n<p>\u201cEllipse\u201d \u012frenginys turi dviguba filtravimo sistem\u0105, kuri proced\u016bros metu pacientams u\u017etikrina maksimal\u0173 komfort\u0105. Proced\u016bros neskausmingos, gali b\u016bti jau\u010diamas ne\u017eymus dilg\u010diojimas jautresn\u0117se srityse, tokiose kaip veidas ar bikini sritis.<b><\/b> Plauk\u0173 \u0161alinimas lazeriu yra saugus, greitas ir efektyvus b\u016bdas.<\/p>\n<h4><b>Ar reikia specialaus pasiruo\u0161imo plauk\u0173 pa\u0161alinimo lazeriu\u00a0 proced\u016brai?<\/b><\/h4>\n<p>Svarbu keturias savaites iki proced\u016bros ne\u0161alinti plaukeli\u0173 pe\u0161iojant, va\u0161ku ar kremu bei kitomis depiliacin\u0117mis priemon\u0117mis, nes po depijiacijos susilpneja plaukofolikulas. \u0160alinant plaukus skutimosi Priemon\u0117mis plauko folikulas stipreja tod\u0117l impulsin\u0117s \u0161viesos spektro pagalba gaunami geresni rezultatai.<\/p>\n<h4><b>Kiek proced\u016br\u0173 reik\u0117s?<\/b><\/h4>\n<p><b><\/b>Proced\u016br\u0173 skai\u010dius priklauso nuo plauk\u0173 tankio, skai\u010diaus, augimo ciklo. Plaukus galima \u0161alinti tik augimo faz\u0117je (\u0161ioje faz\u0117je plaukas i\u0161auga i\u0161 svog\u016bn\u0117lio ir i\u0161lenda \u012f odo spavir\u0161i\u0173). Daugyb\u0117 faktori\u0173 \u012ftakoja plaukuotum\u0105: etnin\u0117 kilm\u0117, hormonai, vaistai, med\u017eiag\u0173 apykaita ir t.t. Da\u017eniausiai pasiekti norim\u0105 rezultat\u0105 prireikia 4-6 proced\u016br\u0173.<\/p>\n<h4><b>Kaip man \u012fsitikinti, kad \u201eEllipse\u201c yra Saugus ir efektyvus prietaisas?<\/b><\/h4>\n<p>\u201eEllipse\u201c saugumas ir efektyvumas patvirtintas klinikiniais tyrimais, kuriuos prie\u0161 pateikiant gamin\u012f vartotojams, atliko gars\u016bs gydytojai. \u0160i\u0173 tyrim\u0173 rezultatai skelbiami respektabiliuose medicininiuose \u017eurnaluose. \u0160iuos mokslinius straipsnius j\u016bs galite perskaityti \u201eEllipse\u201c internet svetain\u0117je <a href=\"http:\/\/www.ellipse.org\/\">www.ellipse.org<\/a>. J\u016bs\u0173 proced\u016brai naudojami nustatymai paremti klinikinius bandymus atlikusi\u0173 specialist\u0173 rekomendacijomis.<\/p>\n<\/div>\n<p>[\/vc_column_text][\/vc_column][\/vc_row]<\/p>\n<\/div>","protected":false},"excerpt":{"rendered":"<p>[vc_row][vc_column][vc_row_inner][vc_column_inner width=&#8221;1\/3&#8243;][vc_single_image image=&#8221;128&#8243; border_color=&#8221;grey&#8221; img_link_target=&#8221;_self&#8221; img_size=&#8221;large&#8221;][\/vc_column_inner][vc_column_inner width=&#8221;2\/3&#8243;][vc_column_text]Norite visuomet d\u017eiaugtis glotnia ir \u0161velnia it \u0161ilkas oda? Suteikite odai malonuma \u2013 greit\u0105, neskausming\u0105 ir ilgalaik\u012f nepageidaujam\u0173 plaukeli\u0173 \u0161alinim\u0105 lazeriu. \u00a0 I2PL proced\u016bros, kurios atliekamos moderniu lazerin\u0117s \u012frangos gamintoj\u0173 aparatu\u201eELLIPSE\u201d: Naikina veido raudon\u012f ir i\u0161sipl\u0117tusius kapiliarus; \u0160alina pigmentines d\u0117mes; Padeda atsikratyti nepageidaujam\u0173 plauk\u0173; Atjaunina ir gra\u017eina veido, kaklo, [&hellip;]<\/p>\n","protected":false},"author":2,"featured_media":0,"parent":0,"menu_order":0,"comment_status":"open","ping_status":"open","template":"","meta":{"_acf_changed":false,"_exactmetrics_skip_tracking":false,"_exactmetrics_sitenote_active":false,"_exactmetrics_sitenote_note":"","_exactmetrics_sitenote_category":0,"footnotes":""},"class_list":["post-46","page","type-page","status-publish","hentry"],"acf":[],"aioseo_notices":[],"_links":{"self":[{"href":"https:\/\/laserofbeauty.co.uk\/lt\/wp-json\/wp\/v2\/pages\/46"}],"collection":[{"href":"https:\/\/laserofbeauty.co.uk\/lt\/wp-json\/wp\/v2\/pages"}],"about":[{"href":"https:\/\/laserofbeauty.co.uk\/lt\/wp-json\/wp\/v2\/types\/page"}],"author":[{"embeddable":true,"href":"https:\/\/laserofbeauty.co.uk\/lt\/wp-json\/wp\/v2\/users\/2"}],"replies":[{"embeddable":true,"href":"https:\/\/laserofbeauty.co.uk\/lt\/wp-json\/wp\/v2\/comments?post=46"}],"version-history":[{"count":4,"href":"https:\/\/laserofbeauty.co.uk\/lt\/wp-json\/wp\/v2\/pages\/46\/revisions"}],"predecessor-version":[{"id":294,"href":"https:\/\/laserofbeauty.co.uk\/lt\/wp-json\/wp\/v2\/pages\/46\/revisions\/294"}],"wp:attachment":[{"href":"https:\/\/laserofbeauty.co.uk\/lt\/wp-json\/wp\/v2\/media?parent=46"}],"curies":[{"name":"wp","href":"https:\/\/api.w.org\/{rel}","templated":true}]}}