{"id":48,"date":"2014-12-29T15:00:22","date_gmt":"2014-12-29T15:00:22","guid":{"rendered":"https:\/\/laserofbeauty.co.uk\/?page_id=48"},"modified":"2015-02-06T09:40:33","modified_gmt":"2015-02-06T09:40:33","slug":"odos-atjauninimas-pigmentu-salinimas","status":"publish","type":"page","link":"https:\/\/laserofbeauty.co.uk\/lt\/odos-atjauninimas-pigmentu-salinimas\/","title":{"rendered":"Odos atjauninimas, pigment\u0173 \u0161alinimas"},"content":{"rendered":"<div class=\"wpb-content-wrapper\"><p>[vc_row][vc_column][vc_row_inner][vc_column_inner width=&#8221;1\/3&#8243;][vc_single_image image=&#8221;127&#8243; border_color=&#8221;grey&#8221; img_link_target=&#8221;_self&#8221; img_size=&#8221;full&#8221;][\/vc_column_inner][vc_column_inner width=&#8221;2\/3&#8243;][vc_column_text]<\/p>\n<h4><strong>Odos atnaujinimas bei pigment<\/strong><strong>acijos naikinimas:<\/strong><\/h4>\n<p>Intensyvi pulsin\u0117 \u0161viesa yra tikslingai nukreipiama \u012f odos pavir\u0161i\u0173. Priklausomai nuo parinkto bangos ilgio,<strong>intensyvios \u0161viesos impulsas gali \u201eprasiskverbti\u201c iki reikiamo \u201etaikinio\u201c odoje<\/strong>: melanino, hemoglobino, vandens. \u0160viesos impulsai \u201etaikinius\u201c \u012fkaitina ir sunaikina,<strong>nepa\u017eeisdami aplinkini\u0173 audini\u0173<\/strong>.\u00a0<strong>Tai u\u017etikrina IPL proced\u016br\u0173 efektyvum\u0105.<\/strong><\/p>\n<h4><strong>Kod\u0117l odoje prasideda sen\u0117jimo procesai?<\/strong><\/h4>\n<p>U\u017eter\u0161tumas, nuolatinis stresas, netinkama mityba, \u017ealingi \u012fpro\u010diai, netinkama kosmetika neigiamai veikia od\u0105. Ilgainiui odoje atsiranda laisv\u0173j\u0173 radikal\u0173, kurie paskatina sen\u0117jimo procesus \u2013 oda papilk\u0117ja, praranda jaunatvi\u0161k\u0105 spindes\u012f, joje i\u0161ry\u0161k\u0117ja pigmentin\u0117s d\u0117m\u0117s, raudonis, atsiranda smulkios rauk\u0161lel\u0117s.Kolagenas yra vienas svarbiausi\u0173 odos strukt\u016bros element\u0173 \u2013 jis sudaro net 70proc. vis\u0173 veido odos baltym\u0173 ir 30 proc. k\u016bno baltym\u0173. Jis atsako u\u017e audini\u0173 form\u0105, strukt\u016br\u0105, stangrum\u0105 bei elastingum\u0105. Svarbu tai, kad reik\u0161dami emocijas (pvz:. daug juokdamiesi) mes galime pa\u017eeisti kalogen\u0105, to pasekm\u0117 \u2013 mimikos rauk\u0161l\u0117s. Norint u\u017ekirsti keli\u0105 rauk\u0161l\u0117ms, rekomenduojama i\u0161saugoti kolageno gamybos proceso t\u0119stinum\u0105.[\/vc_column_text][\/vc_column_inner][\/vc_row_inner][vc_column_text]<\/p>\n<h4><strong>Kaip veikia Ellipse odos atjauninimo proced\u016bra?<\/strong><\/h4>\n<p>Odos atnaujinimo proced\u016bros skausmas yra toleruotinas bei jau\u010diamas nedidelis diskomfortas . Pacientas atsigula ant patogios k\u0117d\u0117s, u\u017ededami akiniai apsaugantys akis nuo lazerio \u0161viesos poveikio. Proced\u016bros plotas yra i\u0161tepamas specialiu au\u0161inimo geliu, tokiu b\u016bdu suma\u017einant proced\u016bros diskomfort\u0105.<\/p>\n<h4><strong>Kaip atrodysite po proced\u016bros?<\/strong><\/h4>\n<p>Po proced\u016bros pigmentin\u0117s d\u0117m\u0117s pradeda tams\u0117ti ir po keli\u0173 dien\u0173 i\u0161nyksta,taip pat oda gali buti truput\u012f paraudusi bei ne\u017eymiai patinusi, bet paraudimas praeina per kelias valandas.\u00a0 Tada odos sritis kurioje proced\u016bra buvo atlikta , susitapatina su nat\u016bralia odos spalva. Svarbu tai, kad rezultatas yra ilgaam\u017eis o ne \u012fprastas laikinas odos \u201d balinimas \u201c.Pirm\u0105j\u0105 dien\u0105 po proced\u016bros , rekomenduojama ne dr\u0117kinti proced\u016bros paveiktos vietos, n\u0117ra pageidautina daryti pratimus , masa\u017euoti. Pacientai turi vengti tiesiogin\u0117s saul\u0117s \u0161viesos. Patartina naudoti kremus su maksimalia apsauga nuo saul\u0117s.<\/p>\n<h4><strong>Kelios proceduros rekomenduojamos?<\/strong><\/h4>\n<p>Rekomenduojama nuo 4-6, proced\u016bros kartoti patartina kas 4 savaites.[\/vc_column_text][\/vc_column][\/vc_row]<\/p>\n<\/div>","protected":false},"excerpt":{"rendered":"<p>[vc_row][vc_column][vc_row_inner][vc_column_inner width=&#8221;1\/3&#8243;][vc_single_image image=&#8221;127&#8243; border_color=&#8221;grey&#8221; img_link_target=&#8221;_self&#8221; img_size=&#8221;full&#8221;][\/vc_column_inner][vc_column_inner width=&#8221;2\/3&#8243;][vc_column_text] Odos atnaujinimas bei pigmentacijos naikinimas: Intensyvi pulsin\u0117 \u0161viesa yra tikslingai nukreipiama \u012f odos pavir\u0161i\u0173. Priklausomai nuo parinkto bangos ilgio,intensyvios \u0161viesos impulsas gali \u201eprasiskverbti\u201c iki reikiamo \u201etaikinio\u201c odoje: melanino, hemoglobino, vandens. \u0160viesos impulsai \u201etaikinius\u201c \u012fkaitina ir sunaikina,nepa\u017eeisdami aplinkini\u0173 audini\u0173.\u00a0Tai u\u017etikrina IPL proced\u016br\u0173 efektyvum\u0105. Kod\u0117l odoje prasideda sen\u0117jimo procesai? U\u017eter\u0161tumas, [&hellip;]<\/p>\n","protected":false},"author":2,"featured_media":0,"parent":0,"menu_order":0,"comment_status":"open","ping_status":"open","template":"","meta":{"_acf_changed":false,"_exactmetrics_skip_tracking":false,"_exactmetrics_sitenote_active":false,"_exactmetrics_sitenote_note":"","_exactmetrics_sitenote_category":0,"footnotes":""},"class_list":["post-48","page","type-page","status-publish","hentry"],"acf":[],"aioseo_notices":[],"_links":{"self":[{"href":"https:\/\/laserofbeauty.co.uk\/lt\/wp-json\/wp\/v2\/pages\/48"}],"collection":[{"href":"https:\/\/laserofbeauty.co.uk\/lt\/wp-json\/wp\/v2\/pages"}],"about":[{"href":"https:\/\/laserofbeauty.co.uk\/lt\/wp-json\/wp\/v2\/types\/page"}],"author":[{"embeddable":true,"href":"https:\/\/laserofbeauty.co.uk\/lt\/wp-json\/wp\/v2\/users\/2"}],"replies":[{"embeddable":true,"href":"https:\/\/laserofbeauty.co.uk\/lt\/wp-json\/wp\/v2\/comments?post=48"}],"version-history":[{"count":3,"href":"https:\/\/laserofbeauty.co.uk\/lt\/wp-json\/wp\/v2\/pages\/48\/revisions"}],"predecessor-version":[{"id":295,"href":"https:\/\/laserofbeauty.co.uk\/lt\/wp-json\/wp\/v2\/pages\/48\/revisions\/295"}],"wp:attachment":[{"href":"https:\/\/laserofbeauty.co.uk\/lt\/wp-json\/wp\/v2\/media?parent=48"}],"curies":[{"name":"wp","href":"https:\/\/api.w.org\/{rel}","templated":true}]}}