{"id":50,"date":"2014-12-29T15:00:41","date_gmt":"2014-12-29T15:00:41","guid":{"rendered":"https:\/\/laserofbeauty.co.uk\/?page_id=50"},"modified":"2015-02-06T09:42:07","modified_gmt":"2015-02-06T09:42:07","slug":"veido-raudonio-ir-kapiliaru-naikinimas","status":"publish","type":"page","link":"https:\/\/laserofbeauty.co.uk\/lt\/veido-raudonio-ir-kapiliaru-naikinimas\/","title":{"rendered":"Veido raudonio ir kapiliar\u0173 naikinimas"},"content":{"rendered":"<div class=\"wpb-content-wrapper\"><p>[vc_row][vc_column][vc_row_inner][vc_column_inner width=&#8221;1\/3&#8243;][vc_single_image image=&#8221;129&#8243; border_color=&#8221;grey&#8221; img_link_target=&#8221;_self&#8221; img_size=&#8221;full&#8221;][\/vc_column_inner][vc_column_inner width=&#8221;2\/3&#8243;][vc_column_text]<\/p>\n<h4><strong>Veido raudonio bei kapiliar\u0173 dariniai ir j\u0173 gydymas.<\/strong><\/h4>\n<p>Milijonai \u017emoni\u0173 ant savo veido mato kapiliarinius \u2013 veninius darinius bei raudonas d\u0117mes. Dauguma m\u016bs\u0173 \u017emoni\u0173 nori atsikratyti tais nepatraukliais, j\u0173\u00a0nat\u016bral\u0173 gro\u017e\u012f bjaurojan\u010diais dariniais. Laimei, \u0161iuolaikin\u0117s lazerin\u0117s technologijos leid\u017eia mums pa\u0161alinti \u0161iuos veninius darinius lengvai, saugiai ir efektyviai.<b><\/b><\/p>\n<h4><b>Kas tai yra veido raudonis?<\/b><\/h4>\n<p>Veido raudonis kai pradeda pl\u0117stis pavir\u0161iniai veido odos kapiliarai yra da\u017ena problema, kuri ry\u0161k\u0117ja su am\u017eiumi. Paraudimas ir deginimo jausmas veide atsiranda kei\u010diantis aplinkos temperat\u016brai (pvz., \u017eiem\u0105 \u012f\u0117jus i\u0161 lauko \u012f \u0161iltas patalpas) \u017ei\u016brint televizori\u0173, i\u0161g\u0117rus kavos puodel\u012f arba raudono vyno taur\u0119<b>.\u00a0<\/b>Veido raudon\u012f sudaro odoje esan\u010dios mikroskopinio diametro \u00a0kraujagysl\u0117s. Paprastai j\u0173 yra \u017eymiai daugiau, jos yra labai smulkios, nematomos plika akimi, o kartais ne\u012f\u017ei\u016brimos\u00a0net pro\u00a0speciali\u0105 optik\u0105.\u00a0 Da\u017eniausiai matoma tik ry\u0161kiai raudona oda, o atskir\u0173 kraujagysli\u0173 nematyti. Raudonis gali b\u016bti ry\u0161kus tiek visame veide, tiek ir atskirose jo dalyse: apie nos\u012f, skruostuose.<\/p>\n<h4><b>Kod\u0117l susiformuoja veido raudonis?<\/b><\/h4>\n<p>Mes ne\u017einome vis\u0173 prie\u017eas\u010di\u0173, bet da\u017eniausiai jo atsiradim\u0105 \u012ftakoja paveldimumas, hormonin\u0117s terapijos, kaitinimasis saul\u0117je bei sen\u0117jimo procesai,alkoholio vartojimas bei r\u016bkymas. Taip pat tai gali b\u016bti susij\u0119 su kitomis odos ligomis.[\/vc_column_text][\/vc_column_inner][\/vc_row_inner][vc_column_text]<\/p>\n<h4><b>Kaip impulsin\u0117 \u0161viesa veikia veido raudon\u012f bei kapiliarus?<\/b><\/h4>\n<p>Ellipse impulsin\u0117 lazerio\u00a0 \u0161viesa\u00a0 patenka \u012f chromoforo oksihemoglobin\u0105 kraujyje. Kadangi \u0161viesa yra sugeriama kapiliar\u0173 sienel\u0117se, kar\u0161\u010dio reakcija sutir\u0161tina krauj\u0105 ir sunaikina baltym\u0105 kapiliaro sienel\u0117je,tokiu b\u016bdu kapiliaras pa\u0161alinamas.<\/p>\n<h4><b>Kelios proced\u016bros rekomenduojamos veido raudonio \u0161alinimui.<\/b><\/h4>\n<p>Siekiant maksimalaus efekto, si\u016blome atlikti kelias, da\u017eniausiai 2-4 proced\u016bras. Paraudimas suma\u017e\u0117ja pra\u0117jus kelioms dienoms po proced\u016bros, ta\u010diau galutin\u012f rezultat\u0105 pamatysite tik po keli\u0173 proced\u016br\u0173. Proced\u016bra kartojama kas 4 savaites.<\/p>\n<ul>\n<li>proced\u016bra atliekama greitai;<\/li>\n<li>gali atsirasti trumpalaikis paraudimas;<\/li>\n<li>atliekama \u012fvairi\u0173 tip\u0173 odai;<\/li>\n<\/ul>\n<h4><b>Kaip atrodysite po proced\u016bros?<\/b><\/h4>\n<p>Kapiliarai po proced\u016bros pakeis spalv\u0105 akimirksniu, rezultatas matomas i\u0161karto. Gali atsirasti nedidelis patinimas, paraudimas bei galite jausti ne\u017eym\u0173 dilg\u010diojim\u0105, gali atsirasti nedidel\u0117s melyn\u0117s po akimis, kurios per keleta dien\u0173 praeina, jos atsiranda todel, kad paveiktas kapiliaras \u0161viesos impulsu patenka \u012f kraujo kapiliar\u0105 taip sugriaudamas sieneles. Jums reik\u0117t\u0173 vykdyti visus nurodymus, vengti \u0161iurk\u0161\u010di\u0173 veido valikli\u0173 ir naudoti odos apsaugos priemones nuo saul\u0117s.[\/vc_column_text][\/vc_column][\/vc_row]<\/p>\n<\/div>","protected":false},"excerpt":{"rendered":"<p>[vc_row][vc_column][vc_row_inner][vc_column_inner width=&#8221;1\/3&#8243;][vc_single_image image=&#8221;129&#8243; border_color=&#8221;grey&#8221; img_link_target=&#8221;_self&#8221; img_size=&#8221;full&#8221;][\/vc_column_inner][vc_column_inner width=&#8221;2\/3&#8243;][vc_column_text] Veido raudonio bei kapiliar\u0173 dariniai ir j\u0173 gydymas. Milijonai \u017emoni\u0173 ant savo veido mato kapiliarinius \u2013 veninius darinius bei raudonas d\u0117mes. Dauguma m\u016bs\u0173 \u017emoni\u0173 nori atsikratyti tais nepatraukliais, j\u0173\u00a0nat\u016bral\u0173 gro\u017e\u012f bjaurojan\u010diais dariniais. Laimei, \u0161iuolaikin\u0117s lazerin\u0117s technologijos leid\u017eia mums pa\u0161alinti \u0161iuos veninius darinius lengvai, saugiai ir efektyviai. Kas tai [&hellip;]<\/p>\n","protected":false},"author":2,"featured_media":0,"parent":0,"menu_order":0,"comment_status":"open","ping_status":"open","template":"","meta":{"_acf_changed":false,"_exactmetrics_skip_tracking":false,"_exactmetrics_sitenote_active":false,"_exactmetrics_sitenote_note":"","_exactmetrics_sitenote_category":0,"footnotes":""},"class_list":["post-50","page","type-page","status-publish","hentry"],"acf":[],"aioseo_notices":[],"_links":{"self":[{"href":"https:\/\/laserofbeauty.co.uk\/lt\/wp-json\/wp\/v2\/pages\/50"}],"collection":[{"href":"https:\/\/laserofbeauty.co.uk\/lt\/wp-json\/wp\/v2\/pages"}],"about":[{"href":"https:\/\/laserofbeauty.co.uk\/lt\/wp-json\/wp\/v2\/types\/page"}],"author":[{"embeddable":true,"href":"https:\/\/laserofbeauty.co.uk\/lt\/wp-json\/wp\/v2\/users\/2"}],"replies":[{"embeddable":true,"href":"https:\/\/laserofbeauty.co.uk\/lt\/wp-json\/wp\/v2\/comments?post=50"}],"version-history":[{"count":4,"href":"https:\/\/laserofbeauty.co.uk\/lt\/wp-json\/wp\/v2\/pages\/50\/revisions"}],"predecessor-version":[{"id":297,"href":"https:\/\/laserofbeauty.co.uk\/lt\/wp-json\/wp\/v2\/pages\/50\/revisions\/297"}],"wp:attachment":[{"href":"https:\/\/laserofbeauty.co.uk\/lt\/wp-json\/wp\/v2\/media?parent=50"}],"curies":[{"name":"wp","href":"https:\/\/api.w.org\/{rel}","templated":true}]}}