{"id":52,"date":"2014-12-29T15:00:54","date_gmt":"2014-12-29T15:00:54","guid":{"rendered":"https:\/\/laserofbeauty.co.uk\/?page_id=52"},"modified":"2015-02-06T09:37:06","modified_gmt":"2015-02-06T09:37:06","slug":"spuogu-gydymas-akne","status":"publish","type":"page","link":"https:\/\/laserofbeauty.co.uk\/lt\/spuogu-gydymas-akne\/","title":{"rendered":"Spuog\u0173 gydymas (AKNE)"},"content":{"rendered":"<div class=\"wpb-content-wrapper\"><p>[vc_row][vc_column][vc_row_inner][vc_column_inner width=&#8221;1\/3&#8243;][vc_single_image image=&#8221;126&#8243; border_color=&#8221;grey&#8221; img_link_target=&#8221;_self&#8221; img_size=&#8221;full&#8221;][\/vc_column_inner][vc_column_inner width=&#8221;2\/3&#8243;][vc_column_text]<\/p>\n<h4><strong>Akn\u0117s gydymas:<\/strong><\/h4>\n<p>Turite spuog\u0173 ir ie\u0161kote b\u016bd\u0173 kaip juos panaikinti? Pavargote nuo nesibaigian\u010di\u0173 akn\u0117s b\u0117rim\u0173, ar skausming\u0173 ir p\u016blining\u0173, gilumini\u0173 spuog\u0173 ant veido ar kr\u016btin\u0117s? Gydymas antibiotikais, hormonais, ar kitais preparatais ilgai trunka ir tik labiau sudirgina odos b\u016bkl\u0119, gydym\u0105 nutraukus akne dazniausiai atsinaujina per trump\u0105 laik\u0105. Taip pat spuogu gydym\u0105 vaistais lydi padid\u0117j\u0119s bakterij\u0173 atsparumas \u012fvairiems antibiotikams, beto pasitaiko vaist\u0173 nepageidaujami \u0161alutiniai poveikiai.<\/p>\n<h4><b>Kas yra akn\u0117?<\/b><\/h4>\n<p>Paprastieji spuogai \u2013 akn\u0117 (Acne vulgaris) yra viena labiausiai paplitusi\u0173 odos lig\u0173, kuri pasirei\u0161kia savitais b\u0117rimais \u2013 veido, kr\u016btin\u0117s ir nugaros vir\u0161utin\u0117s dalies odoje. \u0160ia liga serga net iki 70-95 proc. paaugli\u0173, ta\u010diau ja gali sirgti tiek jaunesni, tiek vyresni \u017emones. Net iki 20 proc. Pacient\u0173 akne i\u0161lieka vyresniems nei 20 met\u0173, o 10 proc. \u2013 vyresniems nei 25 met\u0173.<\/p>\n<h4><b>Kodel atsiranda Akn\u0117?<\/b><\/h4>\n<p>Akn\u0117 prie\u017eastis \u2013 odos riebalini\u0173 liauk\u0173 aktyvumas. Pagrindin\u0117 prie\u017eastis, kuri sk\u0105tina akn\u0117 (acne) atsiradim\u0105 \u2013 odos riebalini\u0173 liauk\u0173 aktyvumas, bei padid\u0117jusi riebal\u0173 gamyba. Brendimo metu organizme\u00a0spar\u010diai did\u0117ja lytini\u0173\u00a0hormon\u0173 kiekis. Bet koks stresas, vidin\u0117 \u012ftampa, emociniai i\u0161gyvenimai gali j\u012f dar labiau padidinti, o tai suaktyvina akn\u0117i\u0161ve\u0161\u0117jim\u0105. Riebalai, j\u0173 sankaupos ir negyvos odos l\u0105stel\u0117s sulimpa tarpusavyje ir suformuoja kam\u0161\u010dius, u\u017ekem\u0161a odos poras, kurios matomos kaip balti arba juodi ink\u0161tirai, atsiranda jaunatviniai spuogai. Susidaro s\u0105lygos greitai daugintis odos bakterijoms, o tai sukelia u\u017edegim\u0105 ir infekcij\u0105.[\/vc_column_text][\/vc_column_inner][\/vc_row_inner][vc_column_text]<\/p>\n<h4><b>Kaip veikia Ellipse lazerines proced\u016bros?<\/b><\/h4>\n<p>Ellipse proced\u016bros yra taikomos pavir\u0161iniu u\u017edegimini\u0173 spuog\u0173 gydymui. Impulsine lazerio \u0161viesa tai \u0161ilumin\u0117 reakcija, kuri stimuliuoja katalogeno gamyb\u0105, taip yra naikinamas u\u017edegiminis procesas odoje, suma\u017einamas veido paraudimas, suma\u017e\u0117ja rand\u0173 susiformavimo tikimyb\u0117. Proced\u016bros metu veikiama oda\u00a0tampa\u00a0elastingesn\u0117, atsiranda ma\u017eesn\u0117 nauj\u0173 \u017eidini\u0173 susid\u0105rymo galimyb\u0117.<\/p>\n<h4><b>Kiek proced\u016br\u0173 rekomenduojama?<\/b><\/h4>\n<p>Rekomenduojama atlikti \u00a04-6 proced\u016bras. Proced\u016bra kartojama kas 2-3 savaites. 30 dienu prie\u0161 pradedant lazerin\u0119 proced\u016br\u0105 butina vartoti madikamentin\u012f tepal\u0105 \u201c ADAPALENE\u201d<\/p>\n<p><b>\u2022 Sunaikinamas bakterinis \u017eidinys;<\/b><br \/>\n<b>\u2022 Proced\u016bra atliekama greitai;<\/b><br \/>\n<b>\u2022 Atliekama \u012fvairi\u0173 tip\u0173 odai;<\/b><\/p>\n<h4><b>Ar tai skausminga proced\u016bra?<\/b><\/h4>\n<p>Kiekvienam tai individualus skausmas, da\u017eniausiai jau\u010diamas lyg po dienos kaitinimosi saul\u0117je, tai n\u0117ra labai skausminga proced\u016bra.[\/vc_column_text][\/vc_column][\/vc_row]<\/p>\n<\/div>","protected":false},"excerpt":{"rendered":"<p>[vc_row][vc_column][vc_row_inner][vc_column_inner width=&#8221;1\/3&#8243;][vc_single_image image=&#8221;126&#8243; border_color=&#8221;grey&#8221; img_link_target=&#8221;_self&#8221; img_size=&#8221;full&#8221;][\/vc_column_inner][vc_column_inner width=&#8221;2\/3&#8243;][vc_column_text] Akn\u0117s gydymas: Turite spuog\u0173 ir ie\u0161kote b\u016bd\u0173 kaip juos panaikinti? Pavargote nuo nesibaigian\u010di\u0173 akn\u0117s b\u0117rim\u0173, ar skausming\u0173 ir p\u016blining\u0173, gilumini\u0173 spuog\u0173 ant veido ar kr\u016btin\u0117s? Gydymas antibiotikais, hormonais, ar kitais preparatais ilgai trunka ir tik labiau sudirgina odos b\u016bkl\u0119, gydym\u0105 nutraukus akne dazniausiai atsinaujina per trump\u0105 laik\u0105. Taip [&hellip;]<\/p>\n","protected":false},"author":2,"featured_media":0,"parent":0,"menu_order":0,"comment_status":"open","ping_status":"open","template":"","meta":{"_acf_changed":false,"_exactmetrics_skip_tracking":false,"_exactmetrics_sitenote_active":false,"_exactmetrics_sitenote_note":"","_exactmetrics_sitenote_category":0,"footnotes":""},"class_list":["post-52","page","type-page","status-publish","hentry"],"acf":[],"aioseo_notices":[],"_links":{"self":[{"href":"https:\/\/laserofbeauty.co.uk\/lt\/wp-json\/wp\/v2\/pages\/52"}],"collection":[{"href":"https:\/\/laserofbeauty.co.uk\/lt\/wp-json\/wp\/v2\/pages"}],"about":[{"href":"https:\/\/laserofbeauty.co.uk\/lt\/wp-json\/wp\/v2\/types\/page"}],"author":[{"embeddable":true,"href":"https:\/\/laserofbeauty.co.uk\/lt\/wp-json\/wp\/v2\/users\/2"}],"replies":[{"embeddable":true,"href":"https:\/\/laserofbeauty.co.uk\/lt\/wp-json\/wp\/v2\/comments?post=52"}],"version-history":[{"count":3,"href":"https:\/\/laserofbeauty.co.uk\/lt\/wp-json\/wp\/v2\/pages\/52\/revisions"}],"predecessor-version":[{"id":293,"href":"https:\/\/laserofbeauty.co.uk\/lt\/wp-json\/wp\/v2\/pages\/52\/revisions\/293"}],"wp:attachment":[{"href":"https:\/\/laserofbeauty.co.uk\/lt\/wp-json\/wp\/v2\/media?parent=52"}],"curies":[{"name":"wp","href":"https:\/\/api.w.org\/{rel}","templated":true}]}}